{"id":2255,"date":"2025-10-29T15:22:45","date_gmt":"2025-10-29T08:22:45","guid":{"rendered":"https:\/\/www.hr2b.com\/?page_id=2255"},"modified":"2025-10-30T17:13:26","modified_gmt":"2025-10-30T10:13:26","slug":"chinh-sach-cookie","status":"publish","type":"page","link":"https:\/\/www.hr2b.com\/vi\/chinh-sach-cookie\/","title":{"rendered":"Ch\u00ednh s\u00e1ch Cookie"},"content":{"rendered":"<h2>Cookie l\u00e0 g\u00ec?<\/h2>\n<p>Cookie l\u00e0 m\u1ed9t t\u1ec7p v\u0103n b\u1ea3n nh\u1ecf m\u00e0 m\u1ed9t trang web l\u01b0u tr\u00ean m\u00e1y t\u00ednh ho\u1eb7c thi\u1ebft b\u1ecb di \u0111\u1ed9ng c\u1ee7a b\u1ea1n khi b\u1ea1n truy c\u1eadp trang. Cookie cho ph\u00e9p trang web ghi nh\u1edb c\u00e1c thao t\u00e1c v\u00e0 t\u00f9y ch\u1ecdn c\u1ee7a b\u1ea1n (ch\u1eb3ng h\u1ea1n nh\u01b0 th\u00f4ng tin \u0111\u0103ng nh\u1eadp, ng\u00f4n ng\u1eef, c\u1ee1 ch\u1eef v\u00e0 c\u00e1c t\u00f9y ch\u1ecdn hi\u1ec3n th\u1ecb kh\u00e1c) trong m\u1ed9t kho\u1ea3ng th\u1eddi gian, v\u00ec v\u1eady b\u1ea1n kh\u00f4ng c\u1ea7n ph\u1ea3i nh\u1eadp l\u1ea1i c\u00e1c th\u00f4ng tin n\u00e0y m\u1ed7i khi quay l\u1ea1i trang ho\u1eb7c chuy\u1ec3n t\u1eeb trang n\u00e0y sang trang kh\u00e1c.<\/p>\n<h2>Ch\u00fang t\u00f4i s\u1eed d\u1ee5ng nh\u1eefng lo\u1ea1i cookie n\u00e0o?<\/h2>\n<ul>\n<li><strong>Cookie c\u1ea7n thi\u1ebft<\/strong><br \/>\nCookie c\u1ea7n thi\u1ebft cho ph\u00e9p ch\u00fang t\u00f4i mang \u0111\u1ebfn cho b\u1ea1n tr\u1ea3i nghi\u1ec7m t\u1ed1t nh\u1ea5t khi truy c\u1eadp v\u00e0 \u0111i\u1ec1u h\u01b0\u1edbng trang web c\u0169ng nh\u01b0 khi s\u1eed d\u1ee5ng c\u00e1c t\u00ednh n\u0103ng c\u1ee7a trang. V\u00ed d\u1ee5: nh\u1eefng cookie n\u00e0y gi\u00fap ch\u00fang t\u00f4i nh\u1eadn bi\u1ebft r\u1eb1ng b\u1ea1n \u0111\u00e3 t\u1ea1o t\u00e0i kho\u1ea3n v\u00e0 \u0111\u0103ng nh\u1eadp \u0111\u1ec3 truy c\u1eadp n\u1ed9i dung.<\/li>\n<li><strong>Cookie ch\u1ee9c n\u0103ng<\/strong><br \/>\nCookie ch\u1ee9c n\u0103ng cho ph\u00e9p ch\u00fang t\u00f4i v\u1eadn h\u00e0nh trang web theo c\u00e1c l\u1ef1a ch\u1ecdn c\u1ee7a b\u1ea1n. V\u00ed d\u1ee5: ch\u00fang t\u00f4i s\u1ebd ghi nh\u1edb t\u00ean \u0111\u0103ng nh\u1eadp v\u00e0 c\u00e1ch b\u1ea1n t\u00f9y ch\u1ec9nh giao di\u1ec7n c\u1ee7a trang \u0111\u1ec3 \u00e1p d\u1ee5ng cho c\u00e1c l\u1ea7n truy c\u1eadp sau.<\/li>\n<li><strong>Cookie ph\u00e2n t\u00edch<\/strong><br \/>\nNh\u1eefng cookie n\u00e0y cho ph\u00e9p ch\u00fang t\u00f4i v\u00e0 c\u00e1c b\u00ean th\u1ee9 ba thu th\u1eadp d\u1eef li\u1ec7u t\u1ed5ng h\u1ee3p cho m\u1ee5c \u0111\u00edch th\u1ed1ng k\u00ea v\u1ec1 c\u00e1ch ng\u01b0\u1eddi d\u00f9ng truy c\u1eadp v\u00e0 s\u1eed d\u1ee5ng trang web. C\u00e1c cookie n\u00e0y kh\u00f4ng ch\u1ee9a th\u00f4ng tin c\u00e1 nh\u00e2n nh\u01b0 t\u00ean hay \u0111\u1ecba ch\u1ec9 email, v\u00e0 \u0111\u01b0\u1ee3c s\u1eed d\u1ee5ng \u0111\u1ec3 gi\u00fap ch\u00fang t\u00f4i c\u1ea3i thi\u1ec7n tr\u1ea3i nghi\u1ec7m ng\u01b0\u1eddi d\u00f9ng tr\u00ean trang web.<\/li>\n<\/ul>\n<h2>Ch\u00fang t\u00f4i s\u1eed d\u1ee5ng cookie nh\u01b0 th\u1ebf n\u00e0o<\/h2>\n<p>Ch\u00fang t\u00f4i s\u1eed d\u1ee5ng cookie ghi nh\u1eadn l\u01b0u l\u01b0\u1ee3ng truy c\u1eadp \u0111\u1ec3 x\u00e1c \u0111\u1ecbnh c\u00e1c trang \u0111\u01b0\u1ee3c truy c\u1eadp th\u01b0\u1eddng xuy\u00ean. \u0110i\u1ec1u n\u00e0y gi\u00fap ch\u00fang t\u00f4i ph\u00e2n t\u00edch d\u1eef li\u1ec7u v\u1ec1 l\u01b0u l\u01b0\u1ee3ng v\u00e0 c\u1ea3i thi\u1ec7n trang web nh\u1eb1m \u0111\u00e1p \u1ee9ng t\u1ed1t h\u01a1n nhu c\u1ea7u c\u1ee7a kh\u00e1ch h\u00e0ng. Ch\u00fang t\u00f4i ch\u1ec9 s\u1eed d\u1ee5ng th\u00f4ng tin n\u00e0y cho m\u1ee5c \u0111\u00edch ph\u00e2n t\u00edch th\u1ed1ng k\u00ea, sau \u0111\u00f3 d\u1eef li\u1ec7u s\u1ebd \u0111\u01b0\u1ee3c x\u00f3a kh\u1ecfi h\u1ec7 th\u1ed1ng.<\/p>\n<p>Nh\u00ecn chung, cookie gi\u00fap ch\u00fang t\u00f4i cung c\u1ea5p cho b\u1ea1n m\u1ed9t trang web t\u1ed1t h\u01a1n, cho ph\u00e9p ch\u00fang t\u00f4i theo d\u00f5i nh\u1eefng trang m\u00e0 b\u1ea1n th\u1ea5y h\u1eefu \u00edch v\u00e0 nh\u1eefng trang kh\u00f4ng h\u1eefu \u00edch. Cookie ho\u00e0n to\u00e0n kh\u00f4ng cho ph\u00e9p ch\u00fang t\u00f4i truy c\u1eadp v\u00e0o m\u00e1y t\u00ednh c\u1ee7a b\u1ea1n ho\u1eb7c b\u1ea5t k\u1ef3 th\u00f4ng tin n\u00e0o kh\u00e1c, ngo\u00e0i nh\u1eefng d\u1eef li\u1ec7u m\u00e0 b\u1ea1n ch\u1ee7 \u0111\u1ed9ng chia s\u1ebb v\u1edbi ch\u00fang t\u00f4i.<\/p>\n<p>B\u1ea1n c\u00f3 th\u1ec3 <strong>ch\u1ea5p nh\u1eadn ho\u1eb7c t\u1eeb ch\u1ed1i cookie<\/strong>. H\u1ea7u h\u1ebft c\u00e1c tr\u00ecnh duy\u1ec7t web \u0111\u1ec1u t\u1ef1 \u0111\u1ed9ng ch\u1ea5p nh\u1eadn cookie, nh\u01b0ng b\u1ea1n c\u00f3 th\u1ec3 thay \u0111\u1ed5i c\u00e0i \u0111\u1eb7t tr\u00ecnh duy\u1ec7t \u0111\u1ec3 t\u1eeb ch\u1ed1i cookie n\u1ebfu mu\u1ed1n. Tuy nhi\u00ean, \u0111i\u1ec1u n\u00e0y c\u00f3 th\u1ec3 khi\u1ebfn b\u1ea1n kh\u00f4ng t\u1eadn d\u1ee5ng \u0111\u01b0\u1ee3c to\u00e0n b\u1ed9 t\u00ednh n\u0103ng c\u1ee7a trang web.<\/p>\n<h2>C\u00e1ch x\u00f3a cookie<\/h2>\n<p>N\u1ebfu b\u1ea1n mu\u1ed1n h\u1ea1n ch\u1ebf ho\u1eb7c ch\u1eb7n cookie \u0111\u01b0\u1ee3c c\u00e0i \u0111\u1eb7t b\u1edfi trang web c\u1ee7a ch\u00fang t\u00f4i, b\u1ea1n c\u00f3 th\u1ec3 th\u1ef1c hi\u1ec7n \u0111i\u1ec1u n\u00e0y th\u00f4ng qua c\u00e0i \u0111\u1eb7t tr\u00ecnh duy\u1ec7t c\u1ee7a m\u00ecnh. Tuy nhi\u00ean, n\u1ebfu b\u1ea1n l\u00e0m v\u1eady, c\u00f3 th\u1ec3 b\u1ea1n s\u1ebd c\u1ea7n \u0111i\u1ec1u ch\u1ec9nh th\u1ee7 c\u00f4ng m\u1ed9t s\u1ed1 t\u00f9y ch\u1ecdn m\u1ed7i khi truy c\u1eadp trang, v\u00e0 m\u1ed9t s\u1ed1 d\u1ecbch v\u1ee5 ho\u1eb7c t\u00ednh n\u0103ng c\u00f3 th\u1ec3 kh\u00f4ng ho\u1ea1t \u0111\u1ed9ng nh\u01b0 b\u00ecnh th\u01b0\u1eddng.<\/p>\n<h2>Li\u00ean h\u1ec7 v\u1edbi ch\u00fang t\u00f4i<\/h2>\n<p>N\u1ebfu b\u1ea1n c\u00f3 b\u1ea5t k\u1ef3 c\u00e2u h\u1ecfi n\u00e0o v\u1ec1 ch\u00ednh s\u00e1ch cookie n\u00e0y ho\u1eb7c v\u1ec1 c\u00e1ch ch\u00fang t\u00f4i s\u1eed d\u1ee5ng cookie, vui l\u00f2ng <span style=\"color: #e42842;\"><a style=\"color: #e42842;\" href=\"https:\/\/www.hr2b.com\/vi\/lien-he\/\">li\u00ean h\u1ec7 v\u1edbi ch\u00fang t\u00f4i.<\/a><\/span><\/p>\n","protected":false},"excerpt":{"rendered":"<p>Cookie l\u00e0 g\u00ec? Cookie l\u00e0 m\u1ed9t t\u1ec7p v\u0103n b\u1ea3n nh\u1ecf m\u00e0 m\u1ed9t trang web l\u01b0u tr\u00ean m\u00e1y t\u00ednh ho\u1eb7c thi\u1ebft b\u1ecb di \u0111\u1ed9ng c\u1ee7a b\u1ea1n khi b\u1ea1n truy c\u1eadp trang. [&hellip;]<\/p>\n","protected":false},"author":3,"featured_media":0,"parent":0,"menu_order":15,"comment_status":"closed","ping_status":"closed","template":"templates\/page-policy.php","meta":{"_acf_changed":false,"footnotes":""},"class_list":["post-2255","page","type-page","status-publish","hentry"],"acf":[],"_links":{"self":[{"href":"https:\/\/www.hr2b.com\/vi\/wp-json\/wp\/v2\/pages\/2255","targetHints":{"allow":["GET"]}}],"collection":[{"href":"https:\/\/www.hr2b.com\/vi\/wp-json\/wp\/v2\/pages"}],"about":[{"href":"https:\/\/www.hr2b.com\/vi\/wp-json\/wp\/v2\/types\/page"}],"author":[{"embeddable":true,"href":"https:\/\/www.hr2b.com\/vi\/wp-json\/wp\/v2\/users\/3"}],"replies":[{"embeddable":true,"href":"https:\/\/www.hr2b.com\/vi\/wp-json\/wp\/v2\/comments?post=2255"}],"version-history":[{"count":0,"href":"https:\/\/www.hr2b.com\/vi\/wp-json\/wp\/v2\/pages\/2255\/revisions"}],"wp:attachment":[{"href":"https:\/\/www.hr2b.com\/vi\/wp-json\/wp\/v2\/media?parent=2255"}],"curies":[{"name":"wp","href":"https:\/\/api.w.org\/{rel}","templated":true}]}}