{"id":1707,"date":"2025-10-09T19:18:29","date_gmt":"2025-10-09T11:18:29","guid":{"rendered":"https:\/\/www.hr2b.com\/?page_id=1707"},"modified":"2025-10-30T17:10:39","modified_gmt":"2025-10-30T10:10:39","slug":"dieu-khoan-su-dung","status":"publish","type":"page","link":"https:\/\/www.hr2b.com\/vi\/dieu-khoan-su-dung\/","title":{"rendered":"\u0110i\u1ec1u kho\u1ea3n s\u1eed d\u1ee5ng"},"content":{"rendered":"<p style=\"text-align: left;\">Ch\u00e0o m\u1eebng \u0111\u1ebfn v\u1edbi trang web HR2B. N\u1ebfu Qu\u00fd v\u1ecb ti\u1ebfp t\u1ee5c duy\u1ec7t v\u00e0 s\u1eed d\u1ee5ng trang web n\u00e0y, Qu\u00fd v\u1ecb s\u1ebd \u0111\u1ed3ng \u00fd tu\u00e2n th\u1ee7 v\u00e0 b\u1ecb r\u00e0ng bu\u1ed9c b\u1edfi c\u00e1c \u0111i\u1ec1u kho\u1ea3n v\u00e0 \u0111i\u1ec1u ki\u1ec7n s\u1eed d\u1ee5ng sau \u0111\u00e2y, c\u00f9ng v\u1edbi ch\u00ednh s\u00e1ch b\u1ea3o m\u1eadt \u0111i\u1ec1u ch\u1ec9nh m\u1ed1i quan h\u1ec7 gi\u1eefa HR2B v\u00e0 Qu\u00fd v\u1ecb li\u00ean quan \u0111\u1ebfn trang web n\u00e0y. C\u1ee5m t\u1eeb &#8220;C\u00d4NG TY\u201d ho\u1eb7c &#8220;ch\u00fang t\u00f4i\u201d d\u00f9ng \u0111\u1ec3 ch\u1ec9 ch\u1ee7 s\u1edf h\u1eefu trang web n\u00e0y, c\u00f3 v\u0103n ph\u00f2ng \u0111\u0103ng k\u00fd \u1edf L\u1ea7u 1, s\u1ed1 5 Nguy\u1ec5n Gia Thi\u1ec1u, Qu\u1eadn 3, Th\u00e0nh ph\u1ed1 H\u1ed3 Ch\u00ed Minh, Vi\u1ec7t Nam. C\u1ee5m t\u1eeb &#8220;Qu\u00fd v\u1ecb\u201d d\u00f9ng \u0111\u1ec3 ch\u1ec9 ng\u01b0\u1eddi s\u1eed d\u1ee5ng ho\u1eb7c kh\u00e1ch gh\u00e9 th\u0103m trang web. Vi\u1ec7c s\u1eed d\u1ee5ng trang web n\u00e0y ph\u1ea3i tu\u00e2n th\u1ee7 c\u00e1c \u0111i\u1ec1u kho\u1ea3n s\u1eed d\u1ee5ng nh\u01b0 sau:<\/p>\n<ul style=\"text-align: left;\">\n<li>N\u1ed9i dung c\u00e1c trang tr\u00ean website n\u00e0y ch\u1ec9 d\u00e0nh cho th\u00f4ng tin chung v\u00e0 cho Qu\u00fd v\u1ecb s\u1eed d\u1ee5ng. Trang web c\u00f3 th\u1ec3 \u0111\u01b0\u1ee3c thay \u0111\u1ed5i m\u00e0 kh\u00f4ng c\u1ea7n th\u00f4ng b\u00e1o.<\/li>\n<li>Ch\u00fang t\u00f4i v\u00e0 b\u1ea5t k\u1ef3 b\u00ean th\u1ee9 ba n\u00e0o kh\u00e1c kh\u00f4ng b\u1ea3o \u0111\u1ea3m t\u00ednh ch\u00ednh x\u00e1c, k\u1ecbp th\u1eddi, hi\u1ec7u qu\u1ea3, \u0111\u1ea7y \u0111\u1ee7 hay ph\u00f9 h\u1ee3p c\u1ee7a c\u00e1c th\u00f4ng tin v\u00e0 t\u00e0i li\u1ec7u \u0111\u01b0\u1ee3c cung c\u1ea5p tr\u00ean trang web n\u00e0y cho b\u1ea5t k\u1ef3 m\u1ee5c \u0111\u00edch c\u1ee5 th\u1ec3 n\u00e0o. Qu\u00fd v\u1ecb nh\u00ecn nh\u1eadn r\u1eb1ng c\u00e1c th\u00f4ng tin v\u00e0 t\u00e0i li\u1ec7u \u0111\u00f3 c\u00f3 th\u1ec3 thi\u1ebfu ch\u00ednh x\u00e1c ho\u1eb7c sai s\u00f3t v\u00e0 ch\u00fang t\u00f4i tuy\u00ean b\u1ed1 r\u00f5 r\u00e0ng vi\u1ec7c kh\u00f4ng ch\u1ecbu tr\u00e1ch nhi\u1ec7m cho b\u1ea5t k\u1ef3 s\u1ef1 thi\u1ebfu ch\u00ednh x\u00e1c ho\u1eb7c sai s\u00f3t n\u00e0o, trong ph\u1ea1m vi t\u1ed1i \u0111a m\u00e0 ph\u00e1p lu\u1eadt cho ph\u00e9p.<\/li>\n<li>Khi s\u1eed d\u1ee5ng th\u00f4ng tin ho\u1eb7c t\u00e0i li\u1ec7u tr\u00ean trang web n\u00e0y, Qu\u00fd v\u1ecb ho\u00e0n to\u00e0n hi\u1ec3u c\u00e1c r\u1ee7i ro, v\u00e0 ch\u00fang t\u00f4i kh\u00f4ng ch\u1ecbu tr\u00e1ch nhi\u1ec7m. Qu\u00fd v\u1ecb ph\u1ea3i t\u1ef1 \u0111\u1ea3m b\u1ea3o r\u1eb1ng c\u00e1c s\u1ea3n ph\u1ea9m, d\u1ecbch v\u1ee5 ho\u1eb7c th\u00f4ng tin tr\u00ean trang web n\u00e0y \u0111\u00e1p \u1ee9ng \u0111\u01b0\u1ee3c c\u00e1c y\u00eau c\u1ea7u c\u1ee7a m\u00ecnh.<\/li>\n<li>Trang web n\u00e0y c\u00f3 ch\u1ee9a t\u00e0i li\u1ec7u do ch\u00fang t\u00f4i s\u1edf h\u1eefu ho\u1eb7c \u0111\u01b0\u1ee3c c\u1ea5p ph\u00e9p s\u1eed d\u1ee5ng. T\u00e0i li\u1ec7u n\u00e0y bao g\u1ed3m thi\u1ebft k\u1ebf, c\u00e1ch b\u1ed1 tr\u00ed, giao di\u1ec7n, b\u1ec1 ngo\u00e0i v\u00e0 c\u00e1c h\u00ecnh h\u1ecda v\u00e0 c\u00f2n nhi\u1ec1u \u0111i\u1ec1u kh\u00e1c n\u1eefa. Nghi\u00eam c\u1ea5m vi\u1ec7c sao ch\u00e9p kh\u00f4ng \u0111\u00fang theo quy \u0111\u1ecbnh c\u1ee7a tuy\u00ean b\u1ed1 b\u1ea3n quy\u1ec1n \u2013 m\u1ed9t ph\u1ea7n trong nh\u1eefng \u0111i\u1ec1u kho\u1ea3n v\u00e0 \u0111i\u1ec1u ki\u1ec7n n\u00e0y.<\/li>\n<li>T\u1ea5t c\u1ea3 c\u00e1c nh\u00e3n hi\u1ec7u \u0111\u01b0\u1ee3c \u0111\u0103ng t\u1ea3i, trong tr\u01b0\u1eddng h\u1ee3p kh\u00f4ng thu\u1ed9c s\u1edf h\u1eefu ho\u1eb7c \u0111\u01b0\u1ee3c c\u1ea5p ph\u00e9p s\u1eed d\u1ee5ng b\u1edfi ng\u01b0\u1eddi \u0111i\u1ec1u h\u00e0nh, s\u1ebd \u0111\u01b0\u1ee3c ghi r\u00f5 tr\u00ean trang web.<\/li>\n<li>Vi\u1ec7c s\u1eed d\u1ee5ng tr\u00e1i ph\u00e9p trang web n\u00e0y c\u00f3 th\u1ec3 l\u00e0m ph\u00e1t sinh khi\u1ebfu n\u1ea1i b\u1ed3i th\u01b0\u1eddng thi\u1ec7t h\u1ea1i v\u00e0 \/ ho\u1eb7c c\u1ea5u t\u00e0nh h\u00e0nh vi ph\u1ea1m ph\u00e1p.<\/li>\n<li>\u0110\u00f4i khi trang web n\u00e0y c\u0169ng c\u00f3 li\u00ean k\u1ebft \u0111\u1ebfn c\u00e1c trang web kh\u00e1c. Nh\u1eefng li\u00ean k\u1ebft n\u00e0y \u0111\u01b0\u1ee3c \u0111\u01b0a ra nh\u1eb1m cung c\u1ea5p th\u00f4ng tin m\u1ed9t c\u00e1ch thu\u1eadn ti\u1ec7n. Ch\u00fang t\u00f4i kh\u00f4ng x\u00e1c nh\u1eadn th\u00f4ng tin v\u00e0 kh\u00f4ng ch\u1ecbu tr\u00e1ch nhi\u1ec7m v\u1ec1 n\u1ed9i dung c\u1ee7a c\u00e1c trang web \u0111\u01b0\u1ee3c d\u1eabn.<\/li>\n<li>Qu\u00fd v\u1ecb kh\u00f4ng \u0111\u01b0\u1ee3c ph\u00e9p t\u1ea1o li\u00ean k\u1ebft t\u1eeb m\u1ed9t trang web ho\u1eb7c t\u00e0i li\u1ec7u kh\u00e1c \u0111\u1ebfn trang web n\u00e0y khi ch\u01b0a c\u00f3 s\u1ef1 \u0111\u1ed3ng \u00fd tr\u01b0\u1edbc b\u1eb1ng v\u0103n b\u1ea3n c\u1ee7a HR2B.<\/li>\n<li>Vi\u1ec7c Qu\u00fd v\u1ecb s\u1eed d\u1ee5ng trang web n\u00e0y v\u00e0 b\u1ea5t k\u1ef3 tranh ch\u1ea5p n\u00e0o ph\u00e1t sinh t\u1eeb vi\u1ec7c s\u1eed d\u1ee5ng n\u00e0y s\u1ebd theo quy \u0111\u1ecbnh c\u1ee7a ph\u00e1p lu\u1eadt Vi\u1ec7t Nam.<\/li>\n<\/ul>\n<h2 style=\"text-align: left;\">Nh\u1eefng m\u1ee5c \u0111\u00edch s\u1eed d\u1ee5ng kh\u00f4ng \u0111\u01b0\u1ee3c ph\u00e9p<\/h2>\n<p style=\"text-align: left;\">C\u00e1c trang HR2B ch\u1ec9 c\u00f3 th\u1ec3 \u0111\u01b0\u1ee3c s\u1eed d\u1ee5ng cho c\u00e1c m\u1ee5c \u0111\u00edch h\u1ee3p ph\u00e1p, b\u1edfi c\u00e1c c\u00e1 nh\u00e2n t\u00ecm ki\u1ebfm th\u00f4ng tin vi\u1ec7c l\u00e0m v\u00e0 ngh\u1ec1 nghi\u1ec7p, v\u00e0 b\u1edfi c\u00e1c nh\u00e0 tuy\u1ec3n d\u1ee5ng mu\u1ed1n t\u00ecm ki\u1ebfm nh\u00e2n vi\u00ean. \u0110\u1eb7c bi\u1ec7t, HR2B nghi\u00eam c\u1ea5m vi\u1ec7c s\u1eed d\u1ee5ng trang Web, v\u00e0 t\u1ea5t c\u1ea3 nh\u1eefng ng\u01b0\u1eddi s\u1eed d\u1ee5ng \u0111\u1ec1u kh\u00f4ng \u0111\u1ed3ng \u00fd s\u1eed d\u1ee5ng trang web \u0111\u1ec3 ph\u1ee5c v\u1ee5 m\u1ed9t trong nh\u1eefng m\u1ee5c \u0111\u00edch sau:<\/p>\n<ul style=\"text-align: left;\">\n<li>\u0110\u0103ng t\u00e0i li\u1ec7u vi ph\u1ea1m b\u1ea5t k\u1ef3 quy \u0111\u1ecbnh ph\u00e1p lu\u1eadt hi\u1ec7n h\u00e0nh n\u00e0o.<\/li>\n<li>\u0110\u0103ng t\u00e0i li\u1ec7u theo c\u00e1ch th\u1ee9c c\u00f3 th\u1ec3 x\u00e2m ph\u1ea1m \u0111\u1ebfn b\u1ea3n quy\u1ec1n, th\u01b0\u01a1ng hi\u1ec7u, b\u00ed m\u1eadt th\u01b0\u01a1ng m\u1ea1i ho\u1eb7c quy\u1ec1n s\u1edf h\u1eefu tr\u00ed tu\u1ec7 c\u1ee7a ng\u01b0\u1eddi kh\u00e1c hay x\u00e2m ph\u1ea1m \u0111\u1ebfn s\u1ef1 b\u1ea3o m\u1eadt, danh ti\u1ebfng, ho\u1eb7c quy\u1ec1n c\u00e1 nh\u00e2n c\u1ee7a ng\u01b0\u1eddi kh\u00e1c.<\/li>\n<li>\u0110\u0103ng t\u00e0i li\u1ec7u c\u00f3 n\u1ed9i dung x\u1ea5u, t\u1ee5c t\u0129u, \u0111e d\u1ecda, l\u0103ng m\u1ea1 ho\u1eb7c h\u1eadn th\u00f9.<\/li>\n<li>\u0110\u0103ng b\u1ea5t c\u1ee9 th\u00f4ng tin ti\u1ec3u s\u1eed ho\u1eb7c th\u00f4ng tin n\u00e0o kh\u00f4ng \u0111\u1ea7y \u0111\u1ee7, gi\u1ea3 m\u1ea1o ho\u1eb7c kh\u00f4ng ch\u00ednh x\u00e1c, kh\u00f4ng ph\u1ea3i l\u00e0 h\u1ed3 s\u01a1 ch\u00ednh x\u00e1c (c\u00e1 th\u1ec3 hi\u1ec7n h\u1eefu t\u1ef1 t\u00ecm ki\u1ebfm vi\u1ec7c l\u00e0m to\u00e0n th\u1eddi gian ho\u1eb7c b\u00e1n th\u1eddi gian).<\/li>\n<li>\u0110\u0103ng h\u1ee3p \u0111\u1ed3ng nh\u01b0\u1ee3ng quy\u1ec1n th\u01b0\u01a1ng m\u1ea1i, m\u00f4 h\u00ecnh kim t\u1ef1 th\u00e1p, &#8220;th\u00e0nh vi\u00ean c\u00e2u l\u1ea1c b\u1ed9\u201d, nh\u00e0 ph\u00e2n ph\u1ed1i ho\u1eb7c \u0111\u1ea1i l\u00ed \u0111\u1ea1i di\u1ec7n b\u00e1n h\u00e0ng ho\u1eb7c c\u01a1 h\u1ed9i kinh doanh kh\u00e1c, y\u00eau c\u1ea7u thanh to\u00e1n tr\u01b0\u1edbc ho\u1eb7c \u0111\u1ecbnh k\u1ef3, ho\u1eb7c ch\u1ec9 tr\u1ea3 ti\u1ec1n hoa h\u1ed3ng (tr\u1eeb khi c\u00e1c \u0111\u0103ng t\u1ea3i \u0111\u00f3 l\u00e0m r\u00f5 r\u1eb1ng c\u00f4ng vi\u1ec7c hi\u1ec7n c\u00f3 ch\u1ec9 thanh to\u00e1n kho\u1ea3n hoa h\u1ed3ng v\u00e0 m\u00f4 t\u1ea3 r\u00f5 s\u1ea3n ph\u1ea9m ho\u1eb7c d\u1ecbch v\u1ee5 m\u00e0 ng\u01b0\u1eddi t\u00ecm vi\u1ec7c s\u1ebd b\u00e1n, trong nh\u1eefng tr\u01b0\u1eddng h\u1ee3p n\u00e0y, th\u00ec c\u00e1c th\u00f4ng tin vi\u1ec7c l\u00e0m nh\u01b0 v\u1eady \u0111\u01b0\u1ee3c ph\u00e9p \u0111\u0103ng t\u1ea3i), y\u00eau c\u1ea7u tuy\u1ec3n d\u1ee5ng c\u1ee7a c\u00e1c th\u00e0nh vi\u00ean, nh\u00e0 ph\u00e2n ph\u1ed1i ho\u1eb7c \u0111\u1ea1i l\u00fd nh\u1ecf kh\u00e1c.<\/li>\n<li>X\u00f3a ho\u1eb7c s\u1eeda b\u1ea5t k\u1ef3 t\u00e0i li\u1ec7u n\u00e0o do ng\u01b0\u1eddi kh\u00e1c ho\u1eb7c th\u1ec3\/ ph\u00e1p nh\u00e2n kh\u00e1c \u0111\u00e3 \u0111\u0103ng t\u1ea3i.<\/li>\n<li>Kh\u00f4ng cho ph\u00e9p s\u1eed d\u1ee5ng ho\u1eb7c n\u1ed7 l\u1ef1c s\u1eed d\u1ee5ng b\u1ea5t k\u1ef3 c\u00f4ng c\u1ee5 t\u00ecm ki\u1ebfm, ph\u1ea7n m\u1ec1m, c\u00f4ng c\u1ee5, c\u01a1 quan t\u00ecm ki\u1ebfm ho\u1eb7c thi\u1ebft b\u1ecb ho\u1eb7c c\u01a1 ch\u1ebf kh\u00e1c (bao g\u1ed3m nh\u01b0ng kh\u00f4ng gi\u1edbi h\u1ea1n c\u00e1c tr\u00ecnh duy\u1ec7t, b\u1ecd t\u00ecm ki\u1ebfm (spider), robot, \u0111\u1ea1i di\u1ec7n ho\u1eb7c c\u00f4ng c\u1ee5 th\u00f4ng minh) \u0111\u1ec3 \u0111i\u1ec1u h\u01b0\u1edbng ho\u1eb7c t\u00ecm ki\u1ebfm b\u1ea5t k\u1ef3 trang web HR2B n\u00e0o kh\u00e1c c\u00f4ng c\u1ee5 t\u00ecm ki\u1ebfm v\u00e0 c\u01a1 quan t\u00ecm ki\u1ebfm c\u00f3 s\u1eb5n c\u1ee7a<\/li>\n<li>HR2B tr\u00ean Trang HR2B \u0111\u01b0\u1ee3c \u0111\u1ec1 c\u1eadp v\u00e0 n\u00f3i chung l\u00e0 kh\u00f4ng c\u00f3 s\u1eb5n tr\u00ean tr\u00ecnh duy\u1ec7t web c\u1ee7a b\u00ean th\u1ee9 ba (v\u00ed d\u1ee5 Netscape Navigator, Microsoft Explorer).<\/li>\n<li>T\u1eadp h\u1ee3p, sao ch\u00e9p, ho\u1eb7c sao ch\u1ee5p n\u1ed9i dung trang web ho\u1eb7c th\u00f4ng tin c\u00f3 s\u1eb5n tr\u00ean trang HR2B b\u1ea5t k\u1ef3, d\u01b0\u1edbi b\u1ea5t k\u1ef3 h\u00ecnh th\u1ee9c n\u00e0o.<\/li>\n<li>\u0110\u00f3ng khung ho\u1eb7c li\u00ean k\u1ebft t\u1edbi b\u1ea5t k\u1ef3 n\u1ed9i dung n\u00e0o tr\u00ean trang web ho\u1eb7c th\u00f4ng tin c\u00f3 s\u1eb5n tr\u00ean trang HR2B b\u1ea5t k\u1ef3.<\/li>\n<\/ul>\n<p style=\"text-align: left;\">Ng\u01b0\u1eddi s\u1eed d\u1ee5ng b\u1ecb nghi\u00eam c\u1ea5m x\u00e2m ph\u1ea1m ho\u1eb7c c\u00f3 h\u00e0nh vi x\u00e2m ph\u1ea1m quy\u1ec1n b\u1ea3o m\u1eadt c\u1ee7a trang HR2B b\u1ea5t k\u1ef3, bao g\u1ed3m, nh\u01b0ng kh\u00f4ng gi\u1edbi h\u1ea1n trong c\u00e1c m\u1ee5c sau:<\/p>\n<ul style=\"text-align: left;\">\n<li>truy c\u1eadp d\u1eef li\u1ec7u kh\u00f4ng d\u00e0nh cho ng\u01b0\u1eddi s\u1eed d\u1ee5ng ho\u1eb7c \u0111\u0103ng nh\u1eadp v\u00e0o m\u1ed9t m\u00e1y ch\u1ee7, t\u00e0i kho\u1ea3n m\u00e0 ng\u01b0\u1eddi s\u1eed d\u1ee5ng kh\u00f4ng \u0111\u01b0\u1ee3c ph\u00e9p truy c\u1eadp<\/li>\n<li>n\u1ed7 l\u1ef1c th\u0103m d\u00f2, qu\u00e9t ho\u1eb7c ki\u1ec3m tra c\u00e1c k\u1ebd h\u1edf c\u1ee7a h\u1ec7 th\u1ed1ng ho\u1eb7c m\u1ea1ng l\u01b0\u1edbi ho\u1eb7c x\u00e2m ph\u1ea1m t\u00ednh b\u1ea3o m\u1eadt hay c\u00e1c bi\u1ec7n ph\u00e1p x\u00e1c minh kh\u00f4ng \u0111\u01b0\u1ee3c cho ph\u00e9p<\/li>\n<li>t\u00ecm c\u00e1ch g\u00e2y c\u1ea3n tr\u1edf d\u1ecbch v\u1ee5 cho ng\u01b0\u1eddi d\u00f9ng, m\u00e1y ch\u1ee7 ho\u1eb7c m\u1ea1ng l\u01b0\u1edbi b\u1ea5t k\u1ef3, bao g\u1ed3m, nh\u01b0ng kh\u00f4ng gi\u1edbi h\u1ea1n c\u00e1c vi\u1ec7c sau: \u0111\u01b0a virus v\u00e0o trang HR2B b\u1ea5t k\u1ef3 b\u1eb1ng b\u1ea5t k\u1ef3 ph\u01b0\u01a1ng ti\u1ec7n n\u00e0o, l\u00e0m qu\u00e1 t\u1ea3i, &#8220;l\u00e0m tr\u00e0n b\u1ed9 nh\u1edb\u201d, &#8220;g\u1eedi th\u01b0 r\u00e1c\u201d, &#8220;g\u1eedi bom th\u01b0\u201d ho\u1eb7c &#8220;\u0111\u00e1nh s\u1eadp trang web\u201d<\/li>\n<li>g\u1eedi email t\u1ef1 \u0111\u1ed9ng \u0111\u1ec3 qu\u1ea3ng b\u00e1 v\u00e0\/ho\u1eb7c qu\u1ea3ng c\u00e1o s\u1ea3n ph\u1ea9m ho\u1eb7c d\u1ecbch v\u1ee5 ho\u1eb7c<\/li>\n<li>gi\u1ea3 m\u1ea1o giao th\u1ee9c TCP \/ IP b\u1ea5t k\u1ef3 ho\u1eb7c ph\u1ea7n th\u00f4ng tin ti\u00eau \u0111\u1ec1 b\u1ea5t k\u1ef3 trong b\u1ea5t c\u1ee9 email hay b\u00e0i nh\u00f3m th\u00f4ng tin n\u00e0o<\/li>\n<li>S\u1eed d\u1ee5ng thi\u1ebft b\u1ecb, ph\u1ea7n m\u1ec1m ho\u1eb7c l\u1ed9 tr\u00ecnh b\u1ea5t k\u1ef3 \u0111\u1ec3 c\u1ea3n tr\u1edf ho\u1eb7c t\u00ecm c\u00e1ch c\u1ea3n tr\u1edf ho\u1ea1t \u0111\u1ed9ng c\u1ee7a Trang HR2B b\u1ea5t k\u1ef3 ho\u1eb7c b\u1ea5t k\u1ef3 ho\u1ea1t \u0111\u1ed9ng n\u00e0o \u0111ang \u0111\u01b0\u1ee3c ti\u1ebfn h\u00e0nh tr\u00ean trang n\u00e0y<\/li>\n<li>Th\u1ef1c hi\u1ec7n b\u1ea5t k\u1ef3 h\u00e0nh \u0111\u1ed9ng n\u00e0o ph\u00e1t sinh l\u01b0\u1ee3ng th\u00f4ng tin qu\u00e1 l\u1edbn ho\u1eb7c b\u1ea5t h\u1ee3p l\u00ed l\u00ean c\u01a1 s\u1edf h\u1ea1 t\u1ea7ng c\u1ee7a trang HR2B b\u1ea5t k\u1ef3<\/li>\n<\/ul>\n<p style=\"text-align: left;\">H\u00e0nh vi x\u00e2m ph\u1ea1m b\u1ea3o m\u1eadt c\u1ee7a h\u1ec7 th\u1ed1ng ho\u1eb7c m\u1ea1ng l\u01b0\u1edbi c\u00f3 th\u1ec3 c\u1ea5u th\u00e0nh tr\u00e1ch nhi\u1ec7m d\u00e2n s\u1ef1 ho\u1eb7c h\u00ecnh s\u1ef1. C\u00f4ng ty HR2B s\u1ebd \u0111i\u1ec1u tra c\u00e1c s\u1ef1 vi\u1ec7c li\u00ean quan \u0111\u1ebfn c\u00e1c h\u00e0nh vi n\u00e0y v\u00e0 c\u00f3 th\u1ec3 h\u1ee3p t\u00e1c v\u1edbi c\u00e1c c\u01a1 quan h\u00e0nh ph\u00e1p \u0111\u1ec3 kh\u1edfi t\u1ed1 nh\u1eefng ng\u01b0\u1eddi s\u1eed d\u1ee5ng c\u00f3 c\u00e1c h\u00e0nh vi x\u00e2m ph\u1ea1m \u0111\u00f3.<\/p>\n<h2 style=\"text-align: left;\">Lu\u1eadt \u00e1p d\u1ee5ng<\/h2>\n<p style=\"text-align: left;\">Nh\u1eefng \u0111i\u1ec1u kho\u1ea3n n\u00e0y s\u1ebd thu\u1ed9c ph\u1ea1m vi \u0111i\u1ec1u ch\u1ec9nh c\u1ee7a ph\u00e1p lu\u1eadt Vi\u1ec7t Nam. T\u00f2a \u00e1n nh\u00e2n d\u00e2n c\u00e1c c\u1ea5p s\u1ebd c\u00f3 th\u1ea9m quy\u1ec1n d\u00e0n x\u1ebfp b\u1ea5t k\u1ef3 tranh ch\u1ea5p n\u00e0o ph\u00e1t sinh b\u00ean ngo\u00e0i, trong ho\u1eb7c c\u00f3 li\u00ean quan \u0111\u1ebfn nh\u1eefng \u0111i\u1ec1u kho\u1ea3n n\u00e0y ho\u1eb7c m\u1ed1i quan h\u1ec7 ph\u00e1p l\u00fd \u0111\u01b0\u1ee3c l\u1eadp n\u00ean, v\u00e0 \u0111\u1ec3 th\u1ef1c hi\u1ec7n, s\u1ebd \u0111\u01b0a tranh ch\u1ea5p l\u00ean T\u00f2a \u00e1n nh\u00e2n d\u00e2n c\u00e1c c\u1ea5p theo \u0111\u00fang tr\u00ecnh t\u1ef1.<\/p>\n","protected":false},"excerpt":{"rendered":"<p>Ch\u00e0o m\u1eebng \u0111\u1ebfn v\u1edbi trang web HR2B. N\u1ebfu Qu\u00fd v\u1ecb ti\u1ebfp t\u1ee5c duy\u1ec7t v\u00e0 s\u1eed d\u1ee5ng trang web n\u00e0y, Qu\u00fd v\u1ecb s\u1ebd \u0111\u1ed3ng \u00fd tu\u00e2n th\u1ee7 v\u00e0 b\u1ecb r\u00e0ng bu\u1ed9c [&hellip;]<\/p>\n","protected":false},"author":1,"featured_media":0,"parent":0,"menu_order":12,"comment_status":"closed","ping_status":"closed","template":"templates\/page-policy.php","meta":{"_acf_changed":false,"footnotes":""},"class_list":["post-1707","page","type-page","status-publish","hentry"],"acf":[],"_links":{"self":[{"href":"https:\/\/www.hr2b.com\/vi\/wp-json\/wp\/v2\/pages\/1707","targetHints":{"allow":["GET"]}}],"collection":[{"href":"https:\/\/www.hr2b.com\/vi\/wp-json\/wp\/v2\/pages"}],"about":[{"href":"https:\/\/www.hr2b.com\/vi\/wp-json\/wp\/v2\/types\/page"}],"author":[{"embeddable":true,"href":"https:\/\/www.hr2b.com\/vi\/wp-json\/wp\/v2\/users\/1"}],"replies":[{"embeddable":true,"href":"https:\/\/www.hr2b.com\/vi\/wp-json\/wp\/v2\/comments?post=1707"}],"version-history":[{"count":0,"href":"https:\/\/www.hr2b.com\/vi\/wp-json\/wp\/v2\/pages\/1707\/revisions"}],"wp:attachment":[{"href":"https:\/\/www.hr2b.com\/vi\/wp-json\/wp\/v2\/media?parent=1707"}],"curies":[{"name":"wp","href":"https:\/\/api.w.org\/{rel}","templated":true}]}}